{"id":1305,"date":"2017-07-26T10:41:30","date_gmt":"2017-07-26T08:41:30","guid":{"rendered":"https:\/\/www.agrios.it\/fuer-verbraucher\/qualitaetssystem\/"},"modified":"2017-09-18T15:21:23","modified_gmt":"2017-09-18T13:21:23","slug":"sistema-di-qualita","status":"publish","type":"page","link":"https:\/\/www.agrios.it\/it\/per-i-consumatori\/sistema-di-qualita\/","title":{"rendered":"Sistema di qualit\u00e0"},"content":{"rendered":"<p class=\"Standard1\"><span lang=\"IT\">L&#8217;emanazione annuale delle direttive \u00e8 attuata nel rispetto delle procedure di legge e di competenze esattamente definite.<\/span><\/p>\n","protected":false},"excerpt":{"rendered":"<p>L&#8217;emanazione annuale delle direttive \u00e8 attuata nel rispetto delle procedure di legge e di competenze esattamente definite.<\/p>\n","protected":false},"author":1,"featured_media":0,"parent":1292,"menu_order":0,"comment_status":"closed","ping_status":"closed","template":"template-qualitaet.php","meta":{"spay_email":""},"acf":[],"yoast_head":"<!-- This site is optimized with the Yoast SEO plugin v17.8 - https:\/\/yoast.com\/wordpress\/plugins\/seo\/ -->\n<title>Qualit\u00e4tssystem Agrios in Terlan, S\u00fcdtirol<\/title>\n<meta name=\"description\" content=\"Qualit\u00e4tssystem. Die allj\u00e4hrliche Erstellung der Richtlinien erfolgt nach einem gesetzlich festgelegten Ablauf und genau definierten Zust\u00e4ndigkeiten.\" \/>\n<meta name=\"robots\" content=\"index, follow, max-snippet:-1, max-image-preview:large, max-video-preview:-1\" \/>\n<link rel=\"canonical\" href=\"https:\/\/www.agrios.it\/it\/per-i-consumatori\/sistema-di-qualita\/\" \/>\n<meta property=\"og:locale\" content=\"it_IT\" \/>\n<meta property=\"og:type\" content=\"article\" \/>\n<meta property=\"og:title\" content=\"Qualit\u00e4tssystem Agrios in Terlan, S\u00fcdtirol\" \/>\n<meta property=\"og:description\" content=\"Qualit\u00e4tssystem. Die allj\u00e4hrliche Erstellung der Richtlinien erfolgt nach einem gesetzlich festgelegten Ablauf und genau definierten Zust\u00e4ndigkeiten.\" \/>\n<meta property=\"og:url\" content=\"https:\/\/www.agrios.it\/it\/per-i-consumatori\/sistema-di-qualita\/\" \/>\n<meta property=\"og:site_name\" content=\"Agrios\" \/>\n<meta property=\"article:modified_time\" content=\"2017-09-18T13:21:23+00:00\" \/>\n<meta name=\"twitter:card\" content=\"summary\" \/>\n<script type=\"application\/ld+json\" class=\"yoast-schema-graph\">{\"@context\":\"https:\/\/schema.org\",\"@graph\":[{\"@type\":\"WebSite\",\"@id\":\"https:\/\/www.agrios.it\/#website\",\"url\":\"https:\/\/www.agrios.it\/\",\"name\":\"Agrios\",\"description\":\"\",\"potentialAction\":[{\"@type\":\"SearchAction\",\"target\":{\"@type\":\"EntryPoint\",\"urlTemplate\":\"https:\/\/www.agrios.it\/?s={search_term_string}\"},\"query-input\":\"required name=search_term_string\"}],\"inLanguage\":\"it-IT\"},{\"@type\":\"WebPage\",\"@id\":\"https:\/\/www.agrios.it\/it\/per-i-consumatori\/sistema-di-qualita\/#webpage\",\"url\":\"https:\/\/www.agrios.it\/it\/per-i-consumatori\/sistema-di-qualita\/\",\"name\":\"Qualit\\u00e4tssystem Agrios in Terlan, S\\u00fcdtirol\",\"isPartOf\":{\"@id\":\"https:\/\/www.agrios.it\/#website\"},\"datePublished\":\"2017-07-26T08:41:30+00:00\",\"dateModified\":\"2017-09-18T13:21:23+00:00\",\"description\":\"Qualit\\u00e4tssystem. Die allj\\u00e4hrliche Erstellung der Richtlinien erfolgt nach einem gesetzlich festgelegten Ablauf und genau definierten Zust\\u00e4ndigkeiten.\",\"breadcrumb\":{\"@id\":\"https:\/\/www.agrios.it\/it\/per-i-consumatori\/sistema-di-qualita\/#breadcrumb\"},\"inLanguage\":\"it-IT\",\"potentialAction\":[{\"@type\":\"ReadAction\",\"target\":[\"https:\/\/www.agrios.it\/it\/per-i-consumatori\/sistema-di-qualita\/\"]}]},{\"@type\":\"BreadcrumbList\",\"@id\":\"https:\/\/www.agrios.it\/it\/per-i-consumatori\/sistema-di-qualita\/#breadcrumb\",\"itemListElement\":[{\"@type\":\"ListItem\",\"position\":1,\"name\":\"Per i consumatori\",\"item\":\"https:\/\/www.agrios.it\/it\/per-i-consumatori\/\"},{\"@type\":\"ListItem\",\"position\":2,\"name\":\"Sistema di qualit\\u00e0\"}]}]}<\/script>\n<!-- \/ Yoast SEO plugin. -->","yoast_head_json":{"title":"Qualit\u00e4tssystem Agrios in Terlan, S\u00fcdtirol","description":"Qualit\u00e4tssystem. Die allj\u00e4hrliche Erstellung der Richtlinien erfolgt nach einem gesetzlich festgelegten Ablauf und genau definierten Zust\u00e4ndigkeiten.","robots":{"index":"index","follow":"follow","max-snippet":"max-snippet:-1","max-image-preview":"max-image-preview:large","max-video-preview":"max-video-preview:-1"},"canonical":"https:\/\/www.agrios.it\/it\/per-i-consumatori\/sistema-di-qualita\/","og_locale":"it_IT","og_type":"article","og_title":"Qualit\u00e4tssystem Agrios in Terlan, S\u00fcdtirol","og_description":"Qualit\u00e4tssystem. Die allj\u00e4hrliche Erstellung der Richtlinien erfolgt nach einem gesetzlich festgelegten Ablauf und genau definierten Zust\u00e4ndigkeiten.","og_url":"https:\/\/www.agrios.it\/it\/per-i-consumatori\/sistema-di-qualita\/","og_site_name":"Agrios","article_modified_time":"2017-09-18T13:21:23+00:00","twitter_card":"summary","schema":{"@context":"https:\/\/schema.org","@graph":[{"@type":"WebSite","@id":"https:\/\/www.agrios.it\/#website","url":"https:\/\/www.agrios.it\/","name":"Agrios","description":"","potentialAction":[{"@type":"SearchAction","target":{"@type":"EntryPoint","urlTemplate":"https:\/\/www.agrios.it\/?s={search_term_string}"},"query-input":"required name=search_term_string"}],"inLanguage":"it-IT"},{"@type":"WebPage","@id":"https:\/\/www.agrios.it\/it\/per-i-consumatori\/sistema-di-qualita\/#webpage","url":"https:\/\/www.agrios.it\/it\/per-i-consumatori\/sistema-di-qualita\/","name":"Qualit\u00e4tssystem Agrios in Terlan, S\u00fcdtirol","isPartOf":{"@id":"https:\/\/www.agrios.it\/#website"},"datePublished":"2017-07-26T08:41:30+00:00","dateModified":"2017-09-18T13:21:23+00:00","description":"Qualit\u00e4tssystem. Die allj\u00e4hrliche Erstellung der Richtlinien erfolgt nach einem gesetzlich festgelegten Ablauf und genau definierten Zust\u00e4ndigkeiten.","breadcrumb":{"@id":"https:\/\/www.agrios.it\/it\/per-i-consumatori\/sistema-di-qualita\/#breadcrumb"},"inLanguage":"it-IT","potentialAction":[{"@type":"ReadAction","target":["https:\/\/www.agrios.it\/it\/per-i-consumatori\/sistema-di-qualita\/"]}]},{"@type":"BreadcrumbList","@id":"https:\/\/www.agrios.it\/it\/per-i-consumatori\/sistema-di-qualita\/#breadcrumb","itemListElement":[{"@type":"ListItem","position":1,"name":"Per i consumatori","item":"https:\/\/www.agrios.it\/it\/per-i-consumatori\/"},{"@type":"ListItem","position":2,"name":"Sistema di qualit\u00e0"}]}]}},"jetpack_shortlink":"https:\/\/wp.me\/P8SM3K-l3","_links":{"self":[{"href":"https:\/\/www.agrios.it\/it\/wp-json\/wp\/v2\/pages\/1305"}],"collection":[{"href":"https:\/\/www.agrios.it\/it\/wp-json\/wp\/v2\/pages"}],"about":[{"href":"https:\/\/www.agrios.it\/it\/wp-json\/wp\/v2\/types\/page"}],"author":[{"embeddable":true,"href":"https:\/\/www.agrios.it\/it\/wp-json\/wp\/v2\/users\/1"}],"replies":[{"embeddable":true,"href":"https:\/\/www.agrios.it\/it\/wp-json\/wp\/v2\/comments?post=1305"}],"version-history":[{"count":5,"href":"https:\/\/www.agrios.it\/it\/wp-json\/wp\/v2\/pages\/1305\/revisions"}],"predecessor-version":[{"id":3442,"href":"https:\/\/www.agrios.it\/it\/wp-json\/wp\/v2\/pages\/1305\/revisions\/3442"}],"up":[{"embeddable":true,"href":"https:\/\/www.agrios.it\/it\/wp-json\/wp\/v2\/pages\/1292"}],"wp:attachment":[{"href":"https:\/\/www.agrios.it\/it\/wp-json\/wp\/v2\/media?parent=1305"}],"curies":[{"name":"wp","href":"https:\/\/api.w.org\/{rel}","templated":true}]}}