{"id":1283,"date":"2017-07-11T10:17:10","date_gmt":"2017-07-11T08:17:10","guid":{"rendered":"https:\/\/www.agrios.it\/fuer-obstbauern\/kontakt-obstbauern\/"},"modified":"2017-09-18T15:23:32","modified_gmt":"2017-09-18T13:23:32","slug":"contatto-frutticoltori","status":"publish","type":"page","link":"https:\/\/www.agrios.it\/it\/per-i-frutticoltori\/contatto-frutticoltori\/","title":{"rendered":"Contatto"},"content":{"rendered":"","protected":false},"excerpt":{"rendered":"","protected":false},"author":1,"featured_media":0,"parent":1267,"menu_order":0,"comment_status":"closed","ping_status":"closed","template":"template-kontakt-obstbauern.php","meta":{"spay_email":""},"acf":[],"yoast_head":"<!-- This site is optimized with the Yoast SEO plugin v17.8 - https:\/\/yoast.com\/wordpress\/plugins\/seo\/ -->\n<title>Standort und \u00d6ffnungszeiten bei Agrios in Terlan, S\u00fcdtirol<\/title>\n<meta name=\"description\" content=\"Hier finden Sie \u00d6ffnungszeiten: Montag bis Freitag 8.00 bis 12.00 Uhr und 13.00 bis 17.00 Uhr. Sie k\u00f6nnen uns auch gerne Kontaktieren!\" \/>\n<meta name=\"robots\" content=\"index, follow, max-snippet:-1, max-image-preview:large, max-video-preview:-1\" \/>\n<link rel=\"canonical\" href=\"https:\/\/www.agrios.it\/it\/per-i-frutticoltori\/contatto-frutticoltori\/\" \/>\n<meta property=\"og:locale\" content=\"it_IT\" \/>\n<meta property=\"og:type\" content=\"article\" \/>\n<meta property=\"og:title\" content=\"Standort und \u00d6ffnungszeiten bei Agrios in Terlan, S\u00fcdtirol\" \/>\n<meta property=\"og:description\" content=\"Hier finden Sie \u00d6ffnungszeiten: Montag bis Freitag 8.00 bis 12.00 Uhr und 13.00 bis 17.00 Uhr. Sie k\u00f6nnen uns auch gerne Kontaktieren!\" \/>\n<meta property=\"og:url\" content=\"https:\/\/www.agrios.it\/it\/per-i-frutticoltori\/contatto-frutticoltori\/\" \/>\n<meta property=\"og:site_name\" content=\"Agrios\" \/>\n<meta property=\"article:modified_time\" content=\"2017-09-18T13:23:32+00:00\" \/>\n<meta name=\"twitter:card\" content=\"summary\" \/>\n<script type=\"application\/ld+json\" class=\"yoast-schema-graph\">{\"@context\":\"https:\/\/schema.org\",\"@graph\":[{\"@type\":\"WebSite\",\"@id\":\"https:\/\/www.agrios.it\/#website\",\"url\":\"https:\/\/www.agrios.it\/\",\"name\":\"Agrios\",\"description\":\"\",\"potentialAction\":[{\"@type\":\"SearchAction\",\"target\":{\"@type\":\"EntryPoint\",\"urlTemplate\":\"https:\/\/www.agrios.it\/?s={search_term_string}\"},\"query-input\":\"required name=search_term_string\"}],\"inLanguage\":\"it-IT\"},{\"@type\":\"WebPage\",\"@id\":\"https:\/\/www.agrios.it\/it\/per-i-frutticoltori\/contatto-frutticoltori\/#webpage\",\"url\":\"https:\/\/www.agrios.it\/it\/per-i-frutticoltori\/contatto-frutticoltori\/\",\"name\":\"Standort und \\u00d6ffnungszeiten bei Agrios in Terlan, S\\u00fcdtirol\",\"isPartOf\":{\"@id\":\"https:\/\/www.agrios.it\/#website\"},\"datePublished\":\"2017-07-11T08:17:10+00:00\",\"dateModified\":\"2017-09-18T13:23:32+00:00\",\"description\":\"Hier finden Sie \\u00d6ffnungszeiten: Montag bis Freitag 8.00 bis 12.00 Uhr und 13.00 bis 17.00 Uhr. Sie k\\u00f6nnen uns auch gerne Kontaktieren!\",\"breadcrumb\":{\"@id\":\"https:\/\/www.agrios.it\/it\/per-i-frutticoltori\/contatto-frutticoltori\/#breadcrumb\"},\"inLanguage\":\"it-IT\",\"potentialAction\":[{\"@type\":\"ReadAction\",\"target\":[\"https:\/\/www.agrios.it\/it\/per-i-frutticoltori\/contatto-frutticoltori\/\"]}]},{\"@type\":\"BreadcrumbList\",\"@id\":\"https:\/\/www.agrios.it\/it\/per-i-frutticoltori\/contatto-frutticoltori\/#breadcrumb\",\"itemListElement\":[{\"@type\":\"ListItem\",\"position\":1,\"name\":\"Per i frutticoltori\",\"item\":\"https:\/\/www.agrios.it\/it\/per-i-frutticoltori\/\"},{\"@type\":\"ListItem\",\"position\":2,\"name\":\"Contatto\"}]}]}<\/script>\n<!-- \/ Yoast SEO plugin. -->","yoast_head_json":{"title":"Standort und \u00d6ffnungszeiten bei Agrios in Terlan, S\u00fcdtirol","description":"Hier finden Sie \u00d6ffnungszeiten: Montag bis Freitag 8.00 bis 12.00 Uhr und 13.00 bis 17.00 Uhr. Sie k\u00f6nnen uns auch gerne Kontaktieren!","robots":{"index":"index","follow":"follow","max-snippet":"max-snippet:-1","max-image-preview":"max-image-preview:large","max-video-preview":"max-video-preview:-1"},"canonical":"https:\/\/www.agrios.it\/it\/per-i-frutticoltori\/contatto-frutticoltori\/","og_locale":"it_IT","og_type":"article","og_title":"Standort und \u00d6ffnungszeiten bei Agrios in Terlan, S\u00fcdtirol","og_description":"Hier finden Sie \u00d6ffnungszeiten: Montag bis Freitag 8.00 bis 12.00 Uhr und 13.00 bis 17.00 Uhr. Sie k\u00f6nnen uns auch gerne Kontaktieren!","og_url":"https:\/\/www.agrios.it\/it\/per-i-frutticoltori\/contatto-frutticoltori\/","og_site_name":"Agrios","article_modified_time":"2017-09-18T13:23:32+00:00","twitter_card":"summary","schema":{"@context":"https:\/\/schema.org","@graph":[{"@type":"WebSite","@id":"https:\/\/www.agrios.it\/#website","url":"https:\/\/www.agrios.it\/","name":"Agrios","description":"","potentialAction":[{"@type":"SearchAction","target":{"@type":"EntryPoint","urlTemplate":"https:\/\/www.agrios.it\/?s={search_term_string}"},"query-input":"required name=search_term_string"}],"inLanguage":"it-IT"},{"@type":"WebPage","@id":"https:\/\/www.agrios.it\/it\/per-i-frutticoltori\/contatto-frutticoltori\/#webpage","url":"https:\/\/www.agrios.it\/it\/per-i-frutticoltori\/contatto-frutticoltori\/","name":"Standort und \u00d6ffnungszeiten bei Agrios in Terlan, S\u00fcdtirol","isPartOf":{"@id":"https:\/\/www.agrios.it\/#website"},"datePublished":"2017-07-11T08:17:10+00:00","dateModified":"2017-09-18T13:23:32+00:00","description":"Hier finden Sie \u00d6ffnungszeiten: Montag bis Freitag 8.00 bis 12.00 Uhr und 13.00 bis 17.00 Uhr. Sie k\u00f6nnen uns auch gerne Kontaktieren!","breadcrumb":{"@id":"https:\/\/www.agrios.it\/it\/per-i-frutticoltori\/contatto-frutticoltori\/#breadcrumb"},"inLanguage":"it-IT","potentialAction":[{"@type":"ReadAction","target":["https:\/\/www.agrios.it\/it\/per-i-frutticoltori\/contatto-frutticoltori\/"]}]},{"@type":"BreadcrumbList","@id":"https:\/\/www.agrios.it\/it\/per-i-frutticoltori\/contatto-frutticoltori\/#breadcrumb","itemListElement":[{"@type":"ListItem","position":1,"name":"Per i frutticoltori","item":"https:\/\/www.agrios.it\/it\/per-i-frutticoltori\/"},{"@type":"ListItem","position":2,"name":"Contatto"}]}]}},"jetpack_shortlink":"https:\/\/wp.me\/P8SM3K-kH","_links":{"self":[{"href":"https:\/\/www.agrios.it\/it\/wp-json\/wp\/v2\/pages\/1283"}],"collection":[{"href":"https:\/\/www.agrios.it\/it\/wp-json\/wp\/v2\/pages"}],"about":[{"href":"https:\/\/www.agrios.it\/it\/wp-json\/wp\/v2\/types\/page"}],"author":[{"embeddable":true,"href":"https:\/\/www.agrios.it\/it\/wp-json\/wp\/v2\/users\/1"}],"replies":[{"embeddable":true,"href":"https:\/\/www.agrios.it\/it\/wp-json\/wp\/v2\/comments?post=1283"}],"version-history":[{"count":4,"href":"https:\/\/www.agrios.it\/it\/wp-json\/wp\/v2\/pages\/1283\/revisions"}],"predecessor-version":[{"id":3446,"href":"https:\/\/www.agrios.it\/it\/wp-json\/wp\/v2\/pages\/1283\/revisions\/3446"}],"up":[{"embeddable":true,"href":"https:\/\/www.agrios.it\/it\/wp-json\/wp\/v2\/pages\/1267"}],"wp:attachment":[{"href":"https:\/\/www.agrios.it\/it\/wp-json\/wp\/v2\/media?parent=1283"}],"curies":[{"name":"wp","href":"https:\/\/api.w.org\/{rel}","templated":true}]}}