{"id":1275,"date":"2017-07-07T08:33:37","date_gmt":"2017-07-07T06:33:37","guid":{"rendered":"https:\/\/www.agrios.it\/fuer-obstbauern\/duenge-und-pflanzenstaerkungsmittel\/"},"modified":"2025-11-03T11:05:54","modified_gmt":"2025-11-03T10:05:54","slug":"fertilizzanti-e-corroboranti","status":"publish","type":"page","link":"https:\/\/www.agrios.it\/it\/per-i-frutticoltori\/fertilizzanti-e-corroboranti\/","title":{"rendered":"Fertilizzanti e corroboranti"},"content":{"rendered":"","protected":false},"excerpt":{"rendered":"","protected":false},"author":1,"featured_media":0,"parent":1267,"menu_order":0,"comment_status":"closed","ping_status":"closed","template":"template-pflanzen_und_dungemittel.php","meta":{"spay_email":""},"acf":[],"yoast_head":"<!-- This site is optimized with the Yoast SEO plugin v17.8 - https:\/\/yoast.com\/wordpress\/plugins\/seo\/ -->\n<title>Pflanzenst\u00e4rkungsmittel \u2013 Zugelassene D\u00fcngemittel, Agrios.<\/title>\n<meta name=\"description\" content=\"Um die Gefahr f\u00fcr die Umwelt so gering wie m\u00f6glich zu halten, d\u00fcrfen nur zugelassene D\u00fcngemittel ausgebracht werden. Agrios in Terlan, S\u00fcdtirol.\" \/>\n<meta name=\"robots\" content=\"index, follow, max-snippet:-1, max-image-preview:large, max-video-preview:-1\" \/>\n<link rel=\"canonical\" href=\"https:\/\/www.agrios.it\/it\/per-i-frutticoltori\/fertilizzanti-e-corroboranti\/\" \/>\n<meta property=\"og:locale\" content=\"it_IT\" \/>\n<meta property=\"og:type\" content=\"article\" \/>\n<meta property=\"og:title\" content=\"Pflanzenst\u00e4rkungsmittel \u2013 Zugelassene D\u00fcngemittel, Agrios.\" \/>\n<meta property=\"og:description\" content=\"Um die Gefahr f\u00fcr die Umwelt so gering wie m\u00f6glich zu halten, d\u00fcrfen nur zugelassene D\u00fcngemittel ausgebracht werden. Agrios in Terlan, S\u00fcdtirol.\" \/>\n<meta property=\"og:url\" content=\"https:\/\/www.agrios.it\/it\/per-i-frutticoltori\/fertilizzanti-e-corroboranti\/\" \/>\n<meta property=\"og:site_name\" content=\"Agrios\" \/>\n<meta property=\"article:modified_time\" content=\"2025-11-03T10:05:54+00:00\" \/>\n<meta name=\"twitter:card\" content=\"summary\" \/>\n<script type=\"application\/ld+json\" class=\"yoast-schema-graph\">{\"@context\":\"https:\/\/schema.org\",\"@graph\":[{\"@type\":\"WebSite\",\"@id\":\"https:\/\/www.agrios.it\/#website\",\"url\":\"https:\/\/www.agrios.it\/\",\"name\":\"Agrios\",\"description\":\"\",\"potentialAction\":[{\"@type\":\"SearchAction\",\"target\":{\"@type\":\"EntryPoint\",\"urlTemplate\":\"https:\/\/www.agrios.it\/?s={search_term_string}\"},\"query-input\":\"required name=search_term_string\"}],\"inLanguage\":\"it-IT\"},{\"@type\":\"WebPage\",\"@id\":\"https:\/\/www.agrios.it\/it\/per-i-frutticoltori\/fertilizzanti-e-corroboranti\/#webpage\",\"url\":\"https:\/\/www.agrios.it\/it\/per-i-frutticoltori\/fertilizzanti-e-corroboranti\/\",\"name\":\"Pflanzenst\\u00e4rkungsmittel \\u2013 Zugelassene D\\u00fcngemittel, Agrios.\",\"isPartOf\":{\"@id\":\"https:\/\/www.agrios.it\/#website\"},\"datePublished\":\"2017-07-07T06:33:37+00:00\",\"dateModified\":\"2025-11-03T10:05:54+00:00\",\"description\":\"Um die Gefahr f\\u00fcr die Umwelt so gering wie m\\u00f6glich zu halten, d\\u00fcrfen nur zugelassene D\\u00fcngemittel ausgebracht werden. Agrios in Terlan, S\\u00fcdtirol.\",\"breadcrumb\":{\"@id\":\"https:\/\/www.agrios.it\/it\/per-i-frutticoltori\/fertilizzanti-e-corroboranti\/#breadcrumb\"},\"inLanguage\":\"it-IT\",\"potentialAction\":[{\"@type\":\"ReadAction\",\"target\":[\"https:\/\/www.agrios.it\/it\/per-i-frutticoltori\/fertilizzanti-e-corroboranti\/\"]}]},{\"@type\":\"BreadcrumbList\",\"@id\":\"https:\/\/www.agrios.it\/it\/per-i-frutticoltori\/fertilizzanti-e-corroboranti\/#breadcrumb\",\"itemListElement\":[{\"@type\":\"ListItem\",\"position\":1,\"name\":\"Per i frutticoltori\",\"item\":\"https:\/\/www.agrios.it\/it\/per-i-frutticoltori\/\"},{\"@type\":\"ListItem\",\"position\":2,\"name\":\"Fertilizzanti e corroboranti\"}]}]}<\/script>\n<!-- \/ Yoast SEO plugin. -->","yoast_head_json":{"title":"Pflanzenst\u00e4rkungsmittel \u2013 Zugelassene D\u00fcngemittel, Agrios.","description":"Um die Gefahr f\u00fcr die Umwelt so gering wie m\u00f6glich zu halten, d\u00fcrfen nur zugelassene D\u00fcngemittel ausgebracht werden. Agrios in Terlan, S\u00fcdtirol.","robots":{"index":"index","follow":"follow","max-snippet":"max-snippet:-1","max-image-preview":"max-image-preview:large","max-video-preview":"max-video-preview:-1"},"canonical":"https:\/\/www.agrios.it\/it\/per-i-frutticoltori\/fertilizzanti-e-corroboranti\/","og_locale":"it_IT","og_type":"article","og_title":"Pflanzenst\u00e4rkungsmittel \u2013 Zugelassene D\u00fcngemittel, Agrios.","og_description":"Um die Gefahr f\u00fcr die Umwelt so gering wie m\u00f6glich zu halten, d\u00fcrfen nur zugelassene D\u00fcngemittel ausgebracht werden. Agrios in Terlan, S\u00fcdtirol.","og_url":"https:\/\/www.agrios.it\/it\/per-i-frutticoltori\/fertilizzanti-e-corroboranti\/","og_site_name":"Agrios","article_modified_time":"2025-11-03T10:05:54+00:00","twitter_card":"summary","schema":{"@context":"https:\/\/schema.org","@graph":[{"@type":"WebSite","@id":"https:\/\/www.agrios.it\/#website","url":"https:\/\/www.agrios.it\/","name":"Agrios","description":"","potentialAction":[{"@type":"SearchAction","target":{"@type":"EntryPoint","urlTemplate":"https:\/\/www.agrios.it\/?s={search_term_string}"},"query-input":"required name=search_term_string"}],"inLanguage":"it-IT"},{"@type":"WebPage","@id":"https:\/\/www.agrios.it\/it\/per-i-frutticoltori\/fertilizzanti-e-corroboranti\/#webpage","url":"https:\/\/www.agrios.it\/it\/per-i-frutticoltori\/fertilizzanti-e-corroboranti\/","name":"Pflanzenst\u00e4rkungsmittel \u2013 Zugelassene D\u00fcngemittel, Agrios.","isPartOf":{"@id":"https:\/\/www.agrios.it\/#website"},"datePublished":"2017-07-07T06:33:37+00:00","dateModified":"2025-11-03T10:05:54+00:00","description":"Um die Gefahr f\u00fcr die Umwelt so gering wie m\u00f6glich zu halten, d\u00fcrfen nur zugelassene D\u00fcngemittel ausgebracht werden. Agrios in Terlan, S\u00fcdtirol.","breadcrumb":{"@id":"https:\/\/www.agrios.it\/it\/per-i-frutticoltori\/fertilizzanti-e-corroboranti\/#breadcrumb"},"inLanguage":"it-IT","potentialAction":[{"@type":"ReadAction","target":["https:\/\/www.agrios.it\/it\/per-i-frutticoltori\/fertilizzanti-e-corroboranti\/"]}]},{"@type":"BreadcrumbList","@id":"https:\/\/www.agrios.it\/it\/per-i-frutticoltori\/fertilizzanti-e-corroboranti\/#breadcrumb","itemListElement":[{"@type":"ListItem","position":1,"name":"Per i frutticoltori","item":"https:\/\/www.agrios.it\/it\/per-i-frutticoltori\/"},{"@type":"ListItem","position":2,"name":"Fertilizzanti e corroboranti"}]}]}},"jetpack_shortlink":"https:\/\/wp.me\/P8SM3K-kz","_links":{"self":[{"href":"https:\/\/www.agrios.it\/it\/wp-json\/wp\/v2\/pages\/1275"}],"collection":[{"href":"https:\/\/www.agrios.it\/it\/wp-json\/wp\/v2\/pages"}],"about":[{"href":"https:\/\/www.agrios.it\/it\/wp-json\/wp\/v2\/types\/page"}],"author":[{"embeddable":true,"href":"https:\/\/www.agrios.it\/it\/wp-json\/wp\/v2\/users\/1"}],"replies":[{"embeddable":true,"href":"https:\/\/www.agrios.it\/it\/wp-json\/wp\/v2\/comments?post=1275"}],"version-history":[{"count":10,"href":"https:\/\/www.agrios.it\/it\/wp-json\/wp\/v2\/pages\/1275\/revisions"}],"predecessor-version":[{"id":8014,"href":"https:\/\/www.agrios.it\/it\/wp-json\/wp\/v2\/pages\/1275\/revisions\/8014"}],"up":[{"embeddable":true,"href":"https:\/\/www.agrios.it\/it\/wp-json\/wp\/v2\/pages\/1267"}],"wp:attachment":[{"href":"https:\/\/www.agrios.it\/it\/wp-json\/wp\/v2\/media?parent=1275"}],"curies":[{"name":"wp","href":"https:\/\/api.w.org\/{rel}","templated":true}]}}