{"id":1282,"date":"2017-07-11T10:17:10","date_gmt":"2017-07-11T08:17:10","guid":{"rendered":"https:\/\/www.agrios.it\/fuer-obstbauern\/kontakt-obstbauern\/"},"modified":"2017-08-29T11:05:24","modified_gmt":"2017-08-29T09:05:24","slug":"contact-fruit-growers","status":"publish","type":"page","link":"https:\/\/www.agrios.it\/en\/for-fruit-growers\/contact-fruit-growers\/","title":{"rendered":"Contact"},"content":{"rendered":"","protected":false},"excerpt":{"rendered":"","protected":false},"author":1,"featured_media":0,"parent":1266,"menu_order":0,"comment_status":"closed","ping_status":"closed","template":"template-kontakt-obstbauern.php","meta":{"spay_email":""},"acf":[],"yoast_head":"<!-- This site is optimized with the Yoast SEO plugin v17.8 - https:\/\/yoast.com\/wordpress\/plugins\/seo\/ -->\n<title>Standort und \u00d6ffnungszeiten bei Agrios in Terlan, S\u00fcdtirol<\/title>\n<meta name=\"description\" content=\"Hier finden Sie \u00d6ffnungszeiten: Montag bis Freitag 8.00 bis 12.00 Uhr und 13.00 bis 17.00 Uhr. Sie k\u00f6nnen uns auch gerne Kontaktieren!\" \/>\n<meta name=\"robots\" content=\"index, follow, max-snippet:-1, max-image-preview:large, max-video-preview:-1\" \/>\n<link rel=\"canonical\" href=\"https:\/\/www.agrios.it\/en\/for-fruit-growers\/contact-fruit-growers\/\" \/>\n<meta property=\"og:locale\" content=\"en_US\" \/>\n<meta property=\"og:type\" content=\"article\" \/>\n<meta property=\"og:title\" content=\"Standort und \u00d6ffnungszeiten bei Agrios in Terlan, S\u00fcdtirol\" \/>\n<meta property=\"og:description\" content=\"Hier finden Sie \u00d6ffnungszeiten: Montag bis Freitag 8.00 bis 12.00 Uhr und 13.00 bis 17.00 Uhr. Sie k\u00f6nnen uns auch gerne Kontaktieren!\" \/>\n<meta property=\"og:url\" content=\"https:\/\/www.agrios.it\/en\/for-fruit-growers\/contact-fruit-growers\/\" \/>\n<meta property=\"og:site_name\" content=\"Agrios\" \/>\n<meta property=\"article:modified_time\" content=\"2017-08-29T09:05:24+00:00\" \/>\n<meta name=\"twitter:card\" content=\"summary\" \/>\n<script type=\"application\/ld+json\" class=\"yoast-schema-graph\">{\"@context\":\"https:\/\/schema.org\",\"@graph\":[{\"@type\":\"WebSite\",\"@id\":\"https:\/\/www.agrios.it\/#website\",\"url\":\"https:\/\/www.agrios.it\/\",\"name\":\"Agrios\",\"description\":\"\",\"potentialAction\":[{\"@type\":\"SearchAction\",\"target\":{\"@type\":\"EntryPoint\",\"urlTemplate\":\"https:\/\/www.agrios.it\/?s={search_term_string}\"},\"query-input\":\"required name=search_term_string\"}],\"inLanguage\":\"en-US\"},{\"@type\":\"WebPage\",\"@id\":\"https:\/\/www.agrios.it\/en\/for-fruit-growers\/contact-fruit-growers\/#webpage\",\"url\":\"https:\/\/www.agrios.it\/en\/for-fruit-growers\/contact-fruit-growers\/\",\"name\":\"Standort und \\u00d6ffnungszeiten bei Agrios in Terlan, S\\u00fcdtirol\",\"isPartOf\":{\"@id\":\"https:\/\/www.agrios.it\/#website\"},\"datePublished\":\"2017-07-11T08:17:10+00:00\",\"dateModified\":\"2017-08-29T09:05:24+00:00\",\"description\":\"Hier finden Sie \\u00d6ffnungszeiten: Montag bis Freitag 8.00 bis 12.00 Uhr und 13.00 bis 17.00 Uhr. Sie k\\u00f6nnen uns auch gerne Kontaktieren!\",\"breadcrumb\":{\"@id\":\"https:\/\/www.agrios.it\/en\/for-fruit-growers\/contact-fruit-growers\/#breadcrumb\"},\"inLanguage\":\"en-US\",\"potentialAction\":[{\"@type\":\"ReadAction\",\"target\":[\"https:\/\/www.agrios.it\/en\/for-fruit-growers\/contact-fruit-growers\/\"]}]},{\"@type\":\"BreadcrumbList\",\"@id\":\"https:\/\/www.agrios.it\/en\/for-fruit-growers\/contact-fruit-growers\/#breadcrumb\",\"itemListElement\":[{\"@type\":\"ListItem\",\"position\":1,\"name\":\"For fruit-growers\",\"item\":\"https:\/\/www.agrios.it\/en\/for-fruit-growers\/\"},{\"@type\":\"ListItem\",\"position\":2,\"name\":\"Contact\"}]}]}<\/script>\n<!-- \/ Yoast SEO plugin. -->","yoast_head_json":{"title":"Standort und \u00d6ffnungszeiten bei Agrios in Terlan, S\u00fcdtirol","description":"Hier finden Sie \u00d6ffnungszeiten: Montag bis Freitag 8.00 bis 12.00 Uhr und 13.00 bis 17.00 Uhr. Sie k\u00f6nnen uns auch gerne Kontaktieren!","robots":{"index":"index","follow":"follow","max-snippet":"max-snippet:-1","max-image-preview":"max-image-preview:large","max-video-preview":"max-video-preview:-1"},"canonical":"https:\/\/www.agrios.it\/en\/for-fruit-growers\/contact-fruit-growers\/","og_locale":"en_US","og_type":"article","og_title":"Standort und \u00d6ffnungszeiten bei Agrios in Terlan, S\u00fcdtirol","og_description":"Hier finden Sie \u00d6ffnungszeiten: Montag bis Freitag 8.00 bis 12.00 Uhr und 13.00 bis 17.00 Uhr. Sie k\u00f6nnen uns auch gerne Kontaktieren!","og_url":"https:\/\/www.agrios.it\/en\/for-fruit-growers\/contact-fruit-growers\/","og_site_name":"Agrios","article_modified_time":"2017-08-29T09:05:24+00:00","twitter_card":"summary","schema":{"@context":"https:\/\/schema.org","@graph":[{"@type":"WebSite","@id":"https:\/\/www.agrios.it\/#website","url":"https:\/\/www.agrios.it\/","name":"Agrios","description":"","potentialAction":[{"@type":"SearchAction","target":{"@type":"EntryPoint","urlTemplate":"https:\/\/www.agrios.it\/?s={search_term_string}"},"query-input":"required name=search_term_string"}],"inLanguage":"en-US"},{"@type":"WebPage","@id":"https:\/\/www.agrios.it\/en\/for-fruit-growers\/contact-fruit-growers\/#webpage","url":"https:\/\/www.agrios.it\/en\/for-fruit-growers\/contact-fruit-growers\/","name":"Standort und \u00d6ffnungszeiten bei Agrios in Terlan, S\u00fcdtirol","isPartOf":{"@id":"https:\/\/www.agrios.it\/#website"},"datePublished":"2017-07-11T08:17:10+00:00","dateModified":"2017-08-29T09:05:24+00:00","description":"Hier finden Sie \u00d6ffnungszeiten: Montag bis Freitag 8.00 bis 12.00 Uhr und 13.00 bis 17.00 Uhr. Sie k\u00f6nnen uns auch gerne Kontaktieren!","breadcrumb":{"@id":"https:\/\/www.agrios.it\/en\/for-fruit-growers\/contact-fruit-growers\/#breadcrumb"},"inLanguage":"en-US","potentialAction":[{"@type":"ReadAction","target":["https:\/\/www.agrios.it\/en\/for-fruit-growers\/contact-fruit-growers\/"]}]},{"@type":"BreadcrumbList","@id":"https:\/\/www.agrios.it\/en\/for-fruit-growers\/contact-fruit-growers\/#breadcrumb","itemListElement":[{"@type":"ListItem","position":1,"name":"For fruit-growers","item":"https:\/\/www.agrios.it\/en\/for-fruit-growers\/"},{"@type":"ListItem","position":2,"name":"Contact"}]}]}},"jetpack_shortlink":"https:\/\/wp.me\/P8SM3K-kG","_links":{"self":[{"href":"https:\/\/www.agrios.it\/en\/wp-json\/wp\/v2\/pages\/1282"}],"collection":[{"href":"https:\/\/www.agrios.it\/en\/wp-json\/wp\/v2\/pages"}],"about":[{"href":"https:\/\/www.agrios.it\/en\/wp-json\/wp\/v2\/types\/page"}],"author":[{"embeddable":true,"href":"https:\/\/www.agrios.it\/en\/wp-json\/wp\/v2\/users\/1"}],"replies":[{"embeddable":true,"href":"https:\/\/www.agrios.it\/en\/wp-json\/wp\/v2\/comments?post=1282"}],"version-history":[{"count":4,"href":"https:\/\/www.agrios.it\/en\/wp-json\/wp\/v2\/pages\/1282\/revisions"}],"predecessor-version":[{"id":1522,"href":"https:\/\/www.agrios.it\/en\/wp-json\/wp\/v2\/pages\/1282\/revisions\/1522"}],"up":[{"embeddable":true,"href":"https:\/\/www.agrios.it\/en\/wp-json\/wp\/v2\/pages\/1266"}],"wp:attachment":[{"href":"https:\/\/www.agrios.it\/en\/wp-json\/wp\/v2\/media?parent=1282"}],"curies":[{"name":"wp","href":"https:\/\/api.w.org\/{rel}","templated":true}]}}