{"id":1278,"date":"2017-06-21T11:12:31","date_gmt":"2017-06-21T09:12:31","guid":{"rendered":"https:\/\/www.agrios.it\/fuer-obstbauern\/obstbauern\/"},"modified":"2017-08-29T11:59:57","modified_gmt":"2017-08-29T09:59:57","slug":"fruit-growers","status":"publish","type":"page","link":"https:\/\/www.agrios.it\/en\/for-fruit-growers\/fruit-growers\/","title":{"rendered":"Home fruit-growers"},"content":{"rendered":"","protected":false},"excerpt":{"rendered":"","protected":false},"author":1,"featured_media":0,"parent":1266,"menu_order":0,"comment_status":"closed","ping_status":"closed","template":"template-news.php","meta":{"spay_email":""},"acf":[],"yoast_head":"<!-- This site is optimized with the Yoast SEO plugin v17.8 - https:\/\/yoast.com\/wordpress\/plugins\/seo\/ -->\n<title>Obstanbau in S\u00fcdtirol, nachhaltig und naturnah! - Agrios in Terlan<\/title>\n<meta name=\"description\" content=\"Agrios, die Arbeitsgruppe f\u00fcr den Integrierten Obstanbau in S\u00fcdtirol, legen gro\u00dfen Wert auf naturnahen und nachhaltigen Anbauweise von \u00c4pfeln.\" \/>\n<meta name=\"robots\" content=\"index, follow, max-snippet:-1, max-image-preview:large, max-video-preview:-1\" \/>\n<link rel=\"canonical\" href=\"https:\/\/www.agrios.it\/en\/for-fruit-growers\/fruit-growers\/\" \/>\n<meta property=\"og:locale\" content=\"en_US\" \/>\n<meta property=\"og:type\" content=\"article\" \/>\n<meta property=\"og:title\" content=\"Obstanbau in S\u00fcdtirol, nachhaltig und naturnah! - Agrios in Terlan\" \/>\n<meta property=\"og:description\" content=\"Agrios, die Arbeitsgruppe f\u00fcr den Integrierten Obstanbau in S\u00fcdtirol, legen gro\u00dfen Wert auf naturnahen und nachhaltigen Anbauweise von \u00c4pfeln.\" \/>\n<meta property=\"og:url\" content=\"https:\/\/www.agrios.it\/en\/for-fruit-growers\/fruit-growers\/\" \/>\n<meta property=\"og:site_name\" content=\"Agrios\" \/>\n<meta property=\"article:modified_time\" content=\"2017-08-29T09:59:57+00:00\" \/>\n<meta name=\"twitter:card\" content=\"summary\" \/>\n<script type=\"application\/ld+json\" class=\"yoast-schema-graph\">{\"@context\":\"https:\/\/schema.org\",\"@graph\":[{\"@type\":\"WebSite\",\"@id\":\"https:\/\/www.agrios.it\/#website\",\"url\":\"https:\/\/www.agrios.it\/\",\"name\":\"Agrios\",\"description\":\"\",\"potentialAction\":[{\"@type\":\"SearchAction\",\"target\":{\"@type\":\"EntryPoint\",\"urlTemplate\":\"https:\/\/www.agrios.it\/?s={search_term_string}\"},\"query-input\":\"required name=search_term_string\"}],\"inLanguage\":\"en-US\"},{\"@type\":\"WebPage\",\"@id\":\"https:\/\/www.agrios.it\/en\/for-fruit-growers\/fruit-growers\/#webpage\",\"url\":\"https:\/\/www.agrios.it\/en\/for-fruit-growers\/fruit-growers\/\",\"name\":\"Obstanbau in S\\u00fcdtirol, nachhaltig und naturnah! - Agrios in Terlan\",\"isPartOf\":{\"@id\":\"https:\/\/www.agrios.it\/#website\"},\"datePublished\":\"2017-06-21T09:12:31+00:00\",\"dateModified\":\"2017-08-29T09:59:57+00:00\",\"description\":\"Agrios, die Arbeitsgruppe f\\u00fcr den Integrierten Obstanbau in S\\u00fcdtirol, legen gro\\u00dfen Wert auf naturnahen und nachhaltigen Anbauweise von \\u00c4pfeln.\",\"breadcrumb\":{\"@id\":\"https:\/\/www.agrios.it\/en\/for-fruit-growers\/fruit-growers\/#breadcrumb\"},\"inLanguage\":\"en-US\",\"potentialAction\":[{\"@type\":\"ReadAction\",\"target\":[\"https:\/\/www.agrios.it\/en\/for-fruit-growers\/fruit-growers\/\"]}]},{\"@type\":\"BreadcrumbList\",\"@id\":\"https:\/\/www.agrios.it\/en\/for-fruit-growers\/fruit-growers\/#breadcrumb\",\"itemListElement\":[{\"@type\":\"ListItem\",\"position\":1,\"name\":\"For fruit-growers\",\"item\":\"https:\/\/www.agrios.it\/en\/for-fruit-growers\/\"},{\"@type\":\"ListItem\",\"position\":2,\"name\":\"Home fruit-growers\"}]}]}<\/script>\n<!-- \/ Yoast SEO plugin. -->","yoast_head_json":{"title":"Obstanbau in S\u00fcdtirol, nachhaltig und naturnah! - Agrios in Terlan","description":"Agrios, die Arbeitsgruppe f\u00fcr den Integrierten Obstanbau in S\u00fcdtirol, legen gro\u00dfen Wert auf naturnahen und nachhaltigen Anbauweise von \u00c4pfeln.","robots":{"index":"index","follow":"follow","max-snippet":"max-snippet:-1","max-image-preview":"max-image-preview:large","max-video-preview":"max-video-preview:-1"},"canonical":"https:\/\/www.agrios.it\/en\/for-fruit-growers\/fruit-growers\/","og_locale":"en_US","og_type":"article","og_title":"Obstanbau in S\u00fcdtirol, nachhaltig und naturnah! - Agrios in Terlan","og_description":"Agrios, die Arbeitsgruppe f\u00fcr den Integrierten Obstanbau in S\u00fcdtirol, legen gro\u00dfen Wert auf naturnahen und nachhaltigen Anbauweise von \u00c4pfeln.","og_url":"https:\/\/www.agrios.it\/en\/for-fruit-growers\/fruit-growers\/","og_site_name":"Agrios","article_modified_time":"2017-08-29T09:59:57+00:00","twitter_card":"summary","schema":{"@context":"https:\/\/schema.org","@graph":[{"@type":"WebSite","@id":"https:\/\/www.agrios.it\/#website","url":"https:\/\/www.agrios.it\/","name":"Agrios","description":"","potentialAction":[{"@type":"SearchAction","target":{"@type":"EntryPoint","urlTemplate":"https:\/\/www.agrios.it\/?s={search_term_string}"},"query-input":"required name=search_term_string"}],"inLanguage":"en-US"},{"@type":"WebPage","@id":"https:\/\/www.agrios.it\/en\/for-fruit-growers\/fruit-growers\/#webpage","url":"https:\/\/www.agrios.it\/en\/for-fruit-growers\/fruit-growers\/","name":"Obstanbau in S\u00fcdtirol, nachhaltig und naturnah! - Agrios in Terlan","isPartOf":{"@id":"https:\/\/www.agrios.it\/#website"},"datePublished":"2017-06-21T09:12:31+00:00","dateModified":"2017-08-29T09:59:57+00:00","description":"Agrios, die Arbeitsgruppe f\u00fcr den Integrierten Obstanbau in S\u00fcdtirol, legen gro\u00dfen Wert auf naturnahen und nachhaltigen Anbauweise von \u00c4pfeln.","breadcrumb":{"@id":"https:\/\/www.agrios.it\/en\/for-fruit-growers\/fruit-growers\/#breadcrumb"},"inLanguage":"en-US","potentialAction":[{"@type":"ReadAction","target":["https:\/\/www.agrios.it\/en\/for-fruit-growers\/fruit-growers\/"]}]},{"@type":"BreadcrumbList","@id":"https:\/\/www.agrios.it\/en\/for-fruit-growers\/fruit-growers\/#breadcrumb","itemListElement":[{"@type":"ListItem","position":1,"name":"For fruit-growers","item":"https:\/\/www.agrios.it\/en\/for-fruit-growers\/"},{"@type":"ListItem","position":2,"name":"Home fruit-growers"}]}]}},"jetpack_shortlink":"https:\/\/wp.me\/P8SM3K-kC","_links":{"self":[{"href":"https:\/\/www.agrios.it\/en\/wp-json\/wp\/v2\/pages\/1278"}],"collection":[{"href":"https:\/\/www.agrios.it\/en\/wp-json\/wp\/v2\/pages"}],"about":[{"href":"https:\/\/www.agrios.it\/en\/wp-json\/wp\/v2\/types\/page"}],"author":[{"embeddable":true,"href":"https:\/\/www.agrios.it\/en\/wp-json\/wp\/v2\/users\/1"}],"replies":[{"embeddable":true,"href":"https:\/\/www.agrios.it\/en\/wp-json\/wp\/v2\/comments?post=1278"}],"version-history":[{"count":4,"href":"https:\/\/www.agrios.it\/en\/wp-json\/wp\/v2\/pages\/1278\/revisions"}],"predecessor-version":[{"id":1528,"href":"https:\/\/www.agrios.it\/en\/wp-json\/wp\/v2\/pages\/1278\/revisions\/1528"}],"up":[{"embeddable":true,"href":"https:\/\/www.agrios.it\/en\/wp-json\/wp\/v2\/pages\/1266"}],"wp:attachment":[{"href":"https:\/\/www.agrios.it\/en\/wp-json\/wp\/v2\/media?parent=1278"}],"curies":[{"name":"wp","href":"https:\/\/api.w.org\/{rel}","templated":true}]}}